{"id":1348,"date":"2025-03-11T18:09:36","date_gmt":"2025-03-11T18:09:36","guid":{"rendered":"https:\/\/ediequipment.com\/obrigado-a-voce\/"},"modified":"2025-04-02T14:31:40","modified_gmt":"2025-04-02T14:31:40","slug":"obrigado-a-voce","status":"publish","type":"page","link":"https:\/\/ediequipment.com\/pt-br\/obrigado-a-voce\/","title":{"rendered":"Obrigado a voc\u00ea"},"content":{"rendered":"\n<p>Obrigado a voc\u00ea. Sua mensagem foi recebida e responderemos o mais r\u00e1pido poss\u00edvel.<\/p>\n","protected":false},"excerpt":{"rendered":"<p>Obrigado a voc\u00ea. Sua mensagem foi recebida e responderemos o mais r\u00e1pido poss\u00edvel.<\/p>\n","protected":false},"author":1,"featured_media":0,"parent":0,"menu_order":0,"comment_status":"closed","ping_status":"closed","template":"","meta":{"om_disable_all_campaigns":false,"_monsterinsights_skip_tracking":false,"_monsterinsights_sitenote_active":false,"_monsterinsights_sitenote_note":"","_monsterinsights_sitenote_category":0,"footnotes":""},"class_list":["post-1348","page","type-page","status-publish","hentry"],"_links":{"self":[{"href":"https:\/\/ediequipment.com\/pt-br\/wp-json\/wp\/v2\/pages\/1348","targetHints":{"allow":["GET"]}}],"collection":[{"href":"https:\/\/ediequipment.com\/pt-br\/wp-json\/wp\/v2\/pages"}],"about":[{"href":"https:\/\/ediequipment.com\/pt-br\/wp-json\/wp\/v2\/types\/page"}],"author":[{"embeddable":true,"href":"https:\/\/ediequipment.com\/pt-br\/wp-json\/wp\/v2\/users\/1"}],"replies":[{"embeddable":true,"href":"https:\/\/ediequipment.com\/pt-br\/wp-json\/wp\/v2\/comments?post=1348"}],"version-history":[{"count":1,"href":"https:\/\/ediequipment.com\/pt-br\/wp-json\/wp\/v2\/pages\/1348\/revisions"}],"predecessor-version":[{"id":1349,"href":"https:\/\/ediequipment.com\/pt-br\/wp-json\/wp\/v2\/pages\/1348\/revisions\/1349"}],"wp:attachment":[{"href":"https:\/\/ediequipment.com\/pt-br\/wp-json\/wp\/v2\/media?parent=1348"}],"curies":[{"name":"wp","href":"https:\/\/api.w.org\/{rel}","templated":true}]}}